{"id":938,"date":"2022-06-15T12:35:36","date_gmt":"2022-06-15T10:35:36","guid":{"rendered":"https:\/\/www.persoapps.com\/calendrier\/?page_id=938"},"modified":"2025-04-16T15:08:57","modified_gmt":"2025-04-16T13:08:57","slug":"compoundinterestcalc","status":"publish","type":"page","link":"https:\/\/www.persoapps.com\/calendrier\/compoundinterestcalc\/","title":{"rendered":"Simulateur &#8211; Calculatrice d&rsquo;int\u00e9r\u00eats compos\u00e9s en ligne"},"content":{"rendered":"<p>[et_pb_section fb_built=\u00a0\u00bb1&Prime; _builder_version=\u00a0\u00bb4.17.4&Prime; _module_preset=\u00a0\u00bbdefault\u00a0\u00bb custom_margin=\u00a0\u00bb0px||0px||false|false\u00a0\u00bb custom_padding=\u00a0\u00bb0px||0px|||\u00a0\u00bb animation_style=\u00a0\u00bbfade\u00a0\u00bb locked=\u00a0\u00bboff\u00a0\u00bb global_colors_info=\u00a0\u00bb{}\u00a0\u00bb][et_pb_row _builder_version=\u00a0\u00bb4.17.4&Prime; _module_preset=\u00a0\u00bbdefault\u00a0\u00bb custom_margin=\u00a0\u00bb0px||||false|false\u00a0\u00bb custom_padding=\u00a0\u00bb45px||0px||false|false\u00a0\u00bb global_colors_info=\u00a0\u00bb{}\u00a0\u00bb][et_pb_column type=\u00a0\u00bb4_4&Prime; _builder_version=\u00a0\u00bb4.16&Prime; _module_preset=\u00a0\u00bbdefault\u00a0\u00bb global_colors_info=\u00a0\u00bb{}\u00a0\u00bb][et_pb_text _builder_version=\u00a0\u00bb4.17.4&Prime; _module_preset=\u00a0\u00bbdefault\u00a0\u00bb text_font=\u00a0\u00bbAbel||||||||\u00a0\u00bb header_font=\u00a0\u00bb|600|||||||\u00a0\u00bb header_text_color=\u00a0\u00bbrgba(0,0,0,0.41)\u00a0\u00bb global_colors_info=\u00a0\u00bb{}\u00a0\u00bb]<\/p>\n<h1>Calculatrice d&rsquo;int\u00e9r\u00eats compos\u00e9s<\/h1>\n<p>[\/et_pb_text][et_pb_text _builder_version=\u00a0\u00bb4.17.4&Prime; _module_preset=\u00a0\u00bbdefault\u00a0\u00bb text_font=\u00a0\u00bbAbel||||||||\u00a0\u00bb header_2_text_align=\u00a0\u00bbjustify\u00a0\u00bb header_2_text_color=\u00a0\u00bbrgba(0,0,0,0.41)\u00a0\u00bb header_2_line_height=\u00a0\u00bb1.2em\u00a0\u00bb global_colors_info=\u00a0\u00bb{}\u00a0\u00bb]<\/p>\n<h2 style=\"text-align: justify;\">Contrairement aux int\u00e9r\u00eats simples, les int\u00e9r\u00eats compos\u00e9s cumulent les int\u00e9r\u00eats pr\u00e9c\u00e9dents, ceux qui ont \u00e9t\u00e9 accumul\u00e9s au cours des ann\u00e9es pr\u00e9c\u00e9dentes.<\/h2>\n<h2 style=\"text-align: justify;\">Si vous vous int\u00e9ressez \u00e0 votre \u00e9pargne, vous devez absolument conna\u00eetre les int\u00e9r\u00eats compos\u00e9s. Einstein aurait dit que c\u2019\u00e9tait une des plus grandes forces de l\u2019univers. Beaucoup d\u2019investisseurs (Warren Buffett, Raymond Dalio, John Bogle, Peter Lynch, Philip Fisher, Bill Gross, George Soros, &#8230;) ont entre autres obtenu leur fortune, gr\u00e2ce aux int\u00e9r\u00eats compos\u00e9s. Le concept est relativement simple : Ann\u00e9e apr\u00e8s ann\u00e9e, les int\u00e9r\u00eats per\u00e7us viennent s\u2019ajouter au capital initial et sont pour ainsi dire \u00ab capitalis\u00e9s \u00bb. C\u2019est ce que l\u2019on appelle aussi l\u2019effet boule de neige.<\/h2>\n<h2 style=\"text-align: justify;\">Il est pr\u00e9f\u00e9rable de commencer \u00e0 investir le plus t\u00f4t possible. Le temps est votre meilleur alli\u00e9, il vous permet de faire fructifier votre capital et les fruits successifs de ce capital. Si vous voulez accro\u00eetre l\u2019effet multiplicateur des int\u00e9r\u00eats cumul\u00e9s, il est important d\u2019alimenter r\u00e9guli\u00e8rement votre \u00e9pargne.<\/h2>\n<h2 style=\"text-align: justify;\">Le simulateur ci-dessous ne prend pas en compte l\u2019inflation et l\u2019imposition sur les plus-values.<\/h2>\n<p>[\/et_pb_text][et_pb_code _builder_version=\u00a0\u00bb4.27.4&Prime; _module_preset=\u00a0\u00bbdefault\u00a0\u00bb hover_enabled=\u00a0\u00bb0&Prime; sticky_enabled=\u00a0\u00bb0&Prime;]<center><!-- [et_pb_line_break_holder] --><!-- persoapps_tool_page_horizontal_multiplex --><!-- [et_pb_line_break_holder] --><script async src=\"https:\/\/pagead2.googlesyndication.com\/pagead\/js\/adsbygoogle.js?client=ca-pub-5435406921165839\"<!-- [et_pb_line_break_holder] -->     crossorigin=\"anonymous\"><\/script><!-- [et_pb_line_break_holder] --><ins class=\"adsbygoogle\"<!-- [et_pb_line_break_holder] -->     style=\u00a0\u00bbdisplay:block\u00a0\u00bb<!-- [et_pb_line_break_holder] -->     data-ad-format=\u00a0\u00bbautorelaxed\u00a0\u00bb<!-- [et_pb_line_break_holder] -->     data-ad-client=\u00a0\u00bbca-pub-5435406921165839&Prime;<!-- [et_pb_line_break_holder] -->     data-ad-slot=\u00a0\u00bb7405475001&Prime;><\/ins><!-- [et_pb_line_break_holder] --><script><!-- [et_pb_line_break_holder] -->     (adsbygoogle = window.adsbygoogle || []).push({});<!-- [et_pb_line_break_holder] --><\/script><!-- [et_pb_line_break_holder] --><\/center>  [\/et_pb_code][\/et_pb_column][\/et_pb_row][\/et_pb_section][et_pb_section fb_built=\u00a0\u00bb1&Prime; _builder_version=\u00a0\u00bb4.17.4&Prime; custom_margin=\u00a0\u00bb0px||0px||false|false\u00a0\u00bb custom_padding=\u00a0\u00bb0px||0px||false|false\u00a0\u00bb global_colors_info=\u00a0\u00bb{}\u00a0\u00bb][et_pb_row _builder_version=\u00a0\u00bb4.16&Prime; _module_preset=\u00a0\u00bbdefault\u00a0\u00bb global_colors_info=\u00a0\u00bb{}\u00a0\u00bb][et_pb_column type=\u00a0\u00bb4_4&Prime; _builder_version=\u00a0\u00bb4.16&Prime; _module_preset=\u00a0\u00bbdefault\u00a0\u00bb global_colors_info=\u00a0\u00bb{}\u00a0\u00bb][et_pb_text _builder_version=\u00a0\u00bb4.27.4&Prime; _module_preset=\u00a0\u00bbdefault\u00a0\u00bb header_3_line_height=\u00a0\u00bb1.2em\u00a0\u00bb animation_style=\u00a0\u00bbfade\u00a0\u00bb hover_enabled=\u00a0\u00bb0&Prime; global_colors_info=\u00a0\u00bb{}\u00a0\u00bb sticky_enabled=\u00a0\u00bb0&Prime;]<\/p>\n<p style=\"text-align: justify;\"><iframe loading=\"lazy\" src=\"https:\/\/compoundinterestcalc.maxicompte.com\/\" frameborder=\"0\" scrolling=\"no\" width=\"100%\" height=\"1200\" style=\"background: #FFFFFF;\" ><\/iframe><\/p>\n<p>[\/et_pb_text][et_pb_code _builder_version=\u00a0\u00bb4.27.4&Prime; _module_preset=\u00a0\u00bbdefault\u00a0\u00bb hover_enabled=\u00a0\u00bb0&Prime; sticky_enabled=\u00a0\u00bb0&Prime; locked=\u00a0\u00bboff\u00a0\u00bb]<center><!-- [et_pb_line_break_holder] --><!-- persoapps_tool_page_horizontal_display --><!-- [et_pb_line_break_holder] --><script async src=\"https:\/\/pagead2.googlesyndication.com\/pagead\/js\/adsbygoogle.js?client=ca-pub-5435406921165839\"<!-- [et_pb_line_break_holder] -->     crossorigin=\"anonymous\"><\/script><!-- [et_pb_line_break_holder] --><ins class=\"adsbygoogle\"<!-- [et_pb_line_break_holder] -->     style=\u00a0\u00bbdisplay:block\u00a0\u00bb<!-- [et_pb_line_break_holder] -->     data-ad-client=\u00a0\u00bbca-pub-5435406921165839&Prime;<!-- [et_pb_line_break_holder] -->     data-ad-slot=\u00a0\u00bb9858170532&Prime;<!-- [et_pb_line_break_holder] -->     data-ad-format=\u00a0\u00bbauto\u00a0\u00bb<!-- [et_pb_line_break_holder] -->     data-full-width-responsive=\u00a0\u00bbtrue\u00a0\u00bb><\/ins><!-- [et_pb_line_break_holder] --><script><!-- [et_pb_line_break_holder] -->     (adsbygoogle = window.adsbygoogle || []).push({});<!-- [et_pb_line_break_holder] --><\/script><!-- [et_pb_line_break_holder] --><\/center>  [\/et_pb_code][\/et_pb_column][\/et_pb_row][\/et_pb_section]<\/p>\n","protected":false},"excerpt":{"rendered":"<p>Calculatrice d&rsquo;int\u00e9r\u00eats compos\u00e9sContrairement aux int\u00e9r\u00eats simples, les int\u00e9r\u00eats compos\u00e9s cumulent les int\u00e9r\u00eats pr\u00e9c\u00e9dents, ceux qui ont \u00e9t\u00e9 accumul\u00e9s au cours des ann\u00e9es pr\u00e9c\u00e9dentes. Si vous vous int\u00e9ressez \u00e0 votre \u00e9pargne, vous devez absolument conna\u00eetre les int\u00e9r\u00eats compos\u00e9s. Einstein aurait dit que c\u2019\u00e9tait une des plus grandes forces de l\u2019univers. Beaucoup d\u2019investisseurs (Warren Buffett, Raymond Dalio, [&hellip;]<\/p>\n","protected":false},"author":1,"featured_media":0,"parent":0,"menu_order":0,"comment_status":"closed","ping_status":"closed","template":"","meta":{"_et_pb_use_builder":"on","_et_pb_old_content":"","_et_gb_content_width":"","footnotes":""},"class_list":["post-938","page","type-page","status-publish","hentry"],"_links":{"self":[{"href":"https:\/\/www.persoapps.com\/calendrier\/wp-json\/wp\/v2\/pages\/938","targetHints":{"allow":["GET"]}}],"collection":[{"href":"https:\/\/www.persoapps.com\/calendrier\/wp-json\/wp\/v2\/pages"}],"about":[{"href":"https:\/\/www.persoapps.com\/calendrier\/wp-json\/wp\/v2\/types\/page"}],"author":[{"embeddable":true,"href":"https:\/\/www.persoapps.com\/calendrier\/wp-json\/wp\/v2\/users\/1"}],"replies":[{"embeddable":true,"href":"https:\/\/www.persoapps.com\/calendrier\/wp-json\/wp\/v2\/comments?post=938"}],"version-history":[{"count":5,"href":"https:\/\/www.persoapps.com\/calendrier\/wp-json\/wp\/v2\/pages\/938\/revisions"}],"predecessor-version":[{"id":986,"href":"https:\/\/www.persoapps.com\/calendrier\/wp-json\/wp\/v2\/pages\/938\/revisions\/986"}],"wp:attachment":[{"href":"https:\/\/www.persoapps.com\/calendrier\/wp-json\/wp\/v2\/media?parent=938"}],"curies":[{"name":"wp","href":"https:\/\/api.w.org\/{rel}","templated":true}]}}