{"id":32,"date":"2020-11-23T19:20:42","date_gmt":"2020-11-23T18:20:42","guid":{"rendered":"https:\/\/www.persoapps.com\/calendrier\/wordpress-v3\/?page_id=32"},"modified":"2025-03-20T10:18:25","modified_gmt":"2025-03-20T09:18:25","slug":"download","status":"publish","type":"page","link":"https:\/\/www.persoapps.com\/calendrier\/download\/","title":{"rendered":"T\u00e9l\u00e9chargements"},"content":{"rendered":"<p>[et_pb_section fb_built=\u00a0\u00bb1&Prime; fullwidth=\u00a0\u00bbon\u00a0\u00bb _builder_version=\u00a0\u00bb4.16&Prime; _module_preset=\u00a0\u00bbdefault\u00a0\u00bb animation_style=\u00a0\u00bbslide\u00a0\u00bb animation_direction=\u00a0\u00bbtop\u00a0\u00bb animation_duration=\u00a0\u00bb500ms\u00a0\u00bb animation_speed_curve=\u00a0\u00bblinear\u00a0\u00bb locked=\u00a0\u00bboff\u00a0\u00bb global_colors_info=\u00a0\u00bb{}\u00a0\u00bb][et_pb_fullwidth_code _builder_version=\u00a0\u00bb4.16&Prime; _module_preset=\u00a0\u00bbdefault\u00a0\u00bb global_colors_info=\u00a0\u00bb{}\u00a0\u00bb]<center><!-- [et_pb_line_break_holder] --><script async src=\"https:\/\/pagead2.googlesyndication.com\/pagead\/js\/adsbygoogle.js\"><\/script><!-- [et_pb_line_break_holder] --><!-- persoappscalendrier_display_horizontal_responsive --><!-- [et_pb_line_break_holder] --><ins class=\"adsbygoogle\"<!-- [et_pb_line_break_holder] -->     style=\u00a0\u00bbdisplay:block\u00a0\u00bb<!-- [et_pb_line_break_holder] -->     data-ad-client=\u00a0\u00bbca-pub-5435406921165839&Prime;<!-- [et_pb_line_break_holder] -->     data-ad-slot=\u00a0\u00bb4401536018&Prime;<!-- [et_pb_line_break_holder] -->     data-ad-format=\u00a0\u00bbauto\u00a0\u00bb<!-- [et_pb_line_break_holder] -->     data-full-width-responsive=\u00a0\u00bbtrue\u00a0\u00bb><\/ins><!-- [et_pb_line_break_holder] --><script><!-- [et_pb_line_break_holder] -->     (adsbygoogle = window.adsbygoogle || []).push({});<!-- [et_pb_line_break_holder] --><\/script><!-- [et_pb_line_break_holder] --><\/center>[\/et_pb_fullwidth_code][\/et_pb_section][et_pb_section fb_built=\u00a0\u00bb1&Prime; _builder_version=\u00a0\u00bb4.16&Prime; _module_preset=\u00a0\u00bbdefault\u00a0\u00bb global_colors_info=\u00a0\u00bb{}\u00a0\u00bb][et_pb_row column_structure=\u00a0\u00bb1_2,1_2&Prime; _builder_version=\u00a0\u00bb4.16&Prime; _module_preset=\u00a0\u00bbdefault\u00a0\u00bb custom_padding=\u00a0\u00bb||83px|||\u00a0\u00bb global_colors_info=\u00a0\u00bb{}\u00a0\u00bb][et_pb_column type=\u00a0\u00bb1_2&Prime; _builder_version=\u00a0\u00bb4.16&Prime; _module_preset=\u00a0\u00bbdefault\u00a0\u00bb global_colors_info=\u00a0\u00bb{}\u00a0\u00bb][et_pb_text _builder_version=\u00a0\u00bb4.16&Prime; _module_preset=\u00a0\u00bbdefault\u00a0\u00bb text_font=\u00a0\u00bbAbel||||||||\u00a0\u00bb header_2_text_color=\u00a0\u00bbrgba(0,0,0,0.41)\u00a0\u00bb global_colors_info=\u00a0\u00bb{}\u00a0\u00bb]<\/p>\n<h2><span style=\"font-size: 3em;\"><i class=\"fas fa-desktop\"><\/i><\/span>\u00a0PC bureau ou portable<\/h2>\n<p>[\/et_pb_text][et_pb_text _builder_version=\u00a0\u00bb4.16&Prime; _module_preset=\u00a0\u00bbdefault\u00a0\u00bb text_font=\u00a0\u00bbAbel||||||||\u00a0\u00bb header_line_height=\u00a0\u00bb1.1em\u00a0\u00bb header_2_text_align=\u00a0\u00bbjustify\u00a0\u00bb header_2_text_color=\u00a0\u00bbrgba(0,0,0,0.41)\u00a0\u00bb header_2_font_size=\u00a0\u00bb18px\u00a0\u00bb header_2_line_height=\u00a0\u00bb1.2em\u00a0\u00bb custom_margin=\u00a0\u00bb||0px||false|false\u00a0\u00bb global_colors_info=\u00a0\u00bb{}\u00a0\u00bb]<\/p>\n<h2>Utilisez ce lien si vous souhaitez t\u00e9l\u00e9charger et installer MaxiCompte sur disque dur de votre ordinateur de bureau ou portable.<\/h2>\n<p>[\/et_pb_text][et_pb_text _builder_version=\u00a0\u00bb4.16&Prime; _module_preset=\u00a0\u00bbdefault\u00a0\u00bb text_font=\u00a0\u00bbAbel||||||||\u00a0\u00bb header_2_text_align=\u00a0\u00bbjustify\u00a0\u00bb header_2_text_color=\u00a0\u00bbrgba(0,0,0,0.41)\u00a0\u00bb header_2_font_size=\u00a0\u00bb14px\u00a0\u00bb header_2_line_height=\u00a0\u00bb0.5em\u00a0\u00bb locked=\u00a0\u00bboff\u00a0\u00bb global_colors_info=\u00a0\u00bb{}\u00a0\u00bb]<\/p>\n<h2><strong>PersoApps Calendrier v1.75 (24453 ko)<\/strong><\/h2>\n<h2><strong>Microsoft Windows\u00ae 7\/8\/10\/11<\/strong><\/h2>\n<h2><strong>Microsoft .NET Framework \u00ae 4.7 ou sup\u00e9rieur<\/strong><\/h2>\n<p>[\/et_pb_text][et_pb_button button_url=\u00a0\u00bbhttps:\/\/sites.persoapps.com\/downloadproduct-v1.php?productref=persoappscalendrier\u00a0\u00bb url_new_window=\u00a0\u00bbon\u00a0\u00bb button_text=\u00a0\u00bbT\u00e9l\u00e9charger\u00a0\u00bb _builder_version=\u00a0\u00bb4.27.4&Prime; _module_preset=\u00a0\u00bbdefault\u00a0\u00bb hover_enabled=\u00a0\u00bb0&Prime; global_colors_info=\u00a0\u00bb{}\u00a0\u00bb sticky_enabled=\u00a0\u00bb0&Prime;][\/et_pb_button][\/et_pb_column][et_pb_column type=\u00a0\u00bb1_2&Prime; _builder_version=\u00a0\u00bb4.16&Prime; _module_preset=\u00a0\u00bbdefault\u00a0\u00bb global_colors_info=\u00a0\u00bb{}\u00a0\u00bb][et_pb_text _builder_version=\u00a0\u00bb4.16&Prime; _module_preset=\u00a0\u00bbdefault\u00a0\u00bb text_font=\u00a0\u00bbAbel||||||||\u00a0\u00bb header_2_text_color=\u00a0\u00bbrgba(0,0,0,0.41)\u00a0\u00bb locked=\u00a0\u00bboff\u00a0\u00bb global_colors_info=\u00a0\u00bb{}\u00a0\u00bb]<\/p>\n<h2><span style=\"font-size: 3em;\"><i class=\"fas fa-sim-card\"><\/i><\/span> Support externe PC<\/h2>\n<p>[\/et_pb_text][et_pb_text _builder_version=\u00a0\u00bb4.16&Prime; _module_preset=\u00a0\u00bbdefault\u00a0\u00bb text_font=\u00a0\u00bbAbel||||||||\u00a0\u00bb header_line_height=\u00a0\u00bb1.1em\u00a0\u00bb header_2_text_align=\u00a0\u00bbjustify\u00a0\u00bb header_2_text_color=\u00a0\u00bbrgba(0,0,0,0.41)\u00a0\u00bb header_2_font_size=\u00a0\u00bb18px\u00a0\u00bb header_2_line_height=\u00a0\u00bb1.2em\u00a0\u00bb custom_margin=\u00a0\u00bb||0px||false|false\u00a0\u00bb locked=\u00a0\u00bboff\u00a0\u00bb global_colors_info=\u00a0\u00bb{}\u00a0\u00bb]<\/p>\n<h2>Utilisez ce lien si vous souhaitez installer MaxiCompte sur un support amovible (cl\u00e9 USB, Carte SD, m\u00e9moire externe, &#8230;).<\/h2>\n<p>[\/et_pb_text][et_pb_text _builder_version=\u00a0\u00bb4.16&Prime; _module_preset=\u00a0\u00bbdefault\u00a0\u00bb text_font=\u00a0\u00bbAbel||||||||\u00a0\u00bb header_2_text_align=\u00a0\u00bbjustify\u00a0\u00bb header_2_text_color=\u00a0\u00bbrgba(0,0,0,0.41)\u00a0\u00bb header_2_font_size=\u00a0\u00bb14px\u00a0\u00bb header_2_line_height=\u00a0\u00bb0.5em\u00a0\u00bb locked=\u00a0\u00bboff\u00a0\u00bb global_colors_info=\u00a0\u00bb{}\u00a0\u00bb]<\/p>\n<h2><strong>PersoApps Calendrier v1.75 (24453 ko)<\/strong><\/h2>\n<h2><strong>Microsoft Windows\u00ae 7\/8\/10\/11<\/strong><\/h2>\n<h2><strong>Microsoft .NET Framework \u00ae 4.7 ou sup\u00e9rieur<\/strong><\/h2>\n<p>[\/et_pb_text][et_pb_button button_url=\u00a0\u00bbhttps:\/\/sites.persoapps.com\/downloadproduct-v1.php?productref=persoappscalendrier&#038;usb=true\u00a0\u00bb url_new_window=\u00a0\u00bbon\u00a0\u00bb button_text=\u00a0\u00bbT\u00e9l\u00e9charger\u00a0\u00bb _builder_version=\u00a0\u00bb4.27.4&Prime; _module_preset=\u00a0\u00bbdefault\u00a0\u00bb hover_enabled=\u00a0\u00bb0&Prime; locked=\u00a0\u00bboff\u00a0\u00bb global_colors_info=\u00a0\u00bb{}\u00a0\u00bb sticky_enabled=\u00a0\u00bb0&Prime;][\/et_pb_button][\/et_pb_column][\/et_pb_row][et_pb_row _builder_version=\u00a0\u00bb4.16&Prime; _module_preset=\u00a0\u00bbdefault\u00a0\u00bb global_colors_info=\u00a0\u00bb{}\u00a0\u00bb][et_pb_column type=\u00a0\u00bb4_4&Prime; _builder_version=\u00a0\u00bb4.16&Prime; _module_preset=\u00a0\u00bbdefault\u00a0\u00bb global_colors_info=\u00a0\u00bb{}\u00a0\u00bb][et_pb_text _builder_version=\u00a0\u00bb4.16&Prime; _module_preset=\u00a0\u00bbdefault\u00a0\u00bb text_font=\u00a0\u00bbAbel||||||||\u00a0\u00bb header_font=\u00a0\u00bb|600|||||||\u00a0\u00bb header_text_color=\u00a0\u00bbrgba(0,0,0,0.41)\u00a0\u00bb border_width_bottom=\u00a0\u00bb1px\u00a0\u00bb border_color_bottom=\u00a0\u00bbrgba(0,0,0,0.05)\u00a0\u00bb global_colors_info=\u00a0\u00bb{}\u00a0\u00bb]<\/p>\n<h1>Mise \u00e0 jour PersoApps Calendrier version 1.75<\/h1>\n<p>[\/et_pb_text][\/et_pb_column][\/et_pb_row][et_pb_row column_structure=\u00a0\u00bb1_2,1_2&Prime; _builder_version=\u00a0\u00bb4.16&Prime; _module_preset=\u00a0\u00bbdefault\u00a0\u00bb custom_margin=\u00a0\u00bb|auto|58px|auto||\u00a0\u00bb custom_padding=\u00a0\u00bb1px|||||\u00a0\u00bb global_colors_info=\u00a0\u00bb{}\u00a0\u00bb][et_pb_column type=\u00a0\u00bb1_2&Prime; _builder_version=\u00a0\u00bb4.16&Prime; _module_preset=\u00a0\u00bbdefault\u00a0\u00bb global_colors_info=\u00a0\u00bb{}\u00a0\u00bb][et_pb_text _builder_version=\u00a0\u00bb4.16&Prime; _module_preset=\u00a0\u00bbdefault\u00a0\u00bb text_font=\u00a0\u00bbAbel||||||||\u00a0\u00bb header_2_text_color=\u00a0\u00bbrgba(0,0,0,0.41)\u00a0\u00bb header_2_line_height=\u00a0\u00bb1.2em\u00a0\u00bb global_colors_info=\u00a0\u00bb{}\u00a0\u00bb]<\/p>\n<h2><span>Si vous avez install\u00e9 une ancienne version. Cliquez sur le lien ci-dessous pour t\u00e9l\u00e9charger la proc\u00e9dure de mise \u00e0 jour<\/span><span><\/span><\/h2>\n<h2><span><b>Nom du fichier :\u00a0<\/b><\/span>maj_persoappscalendrier.exe<\/h2>\n<h2><span> <b>Taille du fichier :\u00a0<\/b><\/span>24453 ko<b><\/b><\/h2>\n<p>[\/et_pb_text][et_pb_button button_url=\u00a0\u00bbhttps:\/\/sites.persoapps.com\/downloadproduct-v1.php?productref=persoappscalendrier&#038;maj=true\u00a0\u00bb url_new_window=\u00a0\u00bbon\u00a0\u00bb button_text=\u00a0\u00bbT\u00e9l\u00e9charger la mise \u00e0 jour\u00a0\u00bb _builder_version=\u00a0\u00bb4.27.4&Prime; _module_preset=\u00a0\u00bbdefault\u00a0\u00bb hover_enabled=\u00a0\u00bb0&Prime; global_colors_info=\u00a0\u00bb{}\u00a0\u00bb sticky_enabled=\u00a0\u00bb0&Prime;][\/et_pb_button][\/et_pb_column][et_pb_column type=\u00a0\u00bb1_2&Prime; _builder_version=\u00a0\u00bb4.16&Prime; _module_preset=\u00a0\u00bbdefault\u00a0\u00bb global_colors_info=\u00a0\u00bb{}\u00a0\u00bb][et_pb_text _builder_version=\u00a0\u00bb4.16&Prime; _module_preset=\u00a0\u00bbdefault\u00a0\u00bb text_font=\u00a0\u00bbAbel||||||||\u00a0\u00bb header_2_text_color=\u00a0\u00bbrgba(0,0,0,0.41)\u00a0\u00bb header_2_line_height=\u00a0\u00bb1.2em\u00a0\u00bb locked=\u00a0\u00bboff\u00a0\u00bb global_colors_info=\u00a0\u00bb{}\u00a0\u00bb]<\/p>\n<h2><span style=\"color: #ff0000;\"><strong>AVANT D&rsquo;INSTALLER LA MISE A JOUR<\/strong><\/span><\/h2>\n<ul>\n<li>\n<h2>Effectuez une sauvegarde de vos donn\u00e9es<\/h2>\n<\/li>\n<li>\n<h2>Arr\u00eatez le logiciel s&rsquo;il est en ex\u00e9cution<\/h2>\n<\/li>\n<li>\n<h2>T\u00e9l\u00e9chargez et Enregistrez le ficher de mise \u00e0 jour<\/h2>\n<\/li>\n<li>\n<h2>Ex\u00e9cutez le fichier de mise \u00e0 jour t\u00e9l\u00e9charg\u00e9<\/h2>\n<\/li>\n<li>\n<h2>Suivez les instructions de l&rsquo;installation<\/h2>\n<\/li>\n<\/ul>\n<p>[\/et_pb_text][\/et_pb_column][\/et_pb_row][et_pb_row _builder_version=\u00a0\u00bb4.16&Prime; _module_preset=\u00a0\u00bbdefault\u00a0\u00bb locked=\u00a0\u00bboff\u00a0\u00bb global_colors_info=\u00a0\u00bb{}\u00a0\u00bb][et_pb_column type=\u00a0\u00bb4_4&Prime; _builder_version=\u00a0\u00bb4.16&Prime; _module_preset=\u00a0\u00bbdefault\u00a0\u00bb global_colors_info=\u00a0\u00bb{}\u00a0\u00bb][et_pb_text _builder_version=\u00a0\u00bb4.16&Prime; _module_preset=\u00a0\u00bbdefault\u00a0\u00bb text_font=\u00a0\u00bbAbel||||||||\u00a0\u00bb header_font=\u00a0\u00bb|600|||||||\u00a0\u00bb header_text_color=\u00a0\u00bbrgba(0,0,0,0.41)\u00a0\u00bb border_width_bottom=\u00a0\u00bb1px\u00a0\u00bb border_color_bottom=\u00a0\u00bbrgba(0,0,0,0.05)\u00a0\u00bb global_colors_info=\u00a0\u00bb{}\u00a0\u00bb]<\/p>\n<h1>Historique des mises \u00e0 jour<\/h1>\n<p>[\/et_pb_text][\/et_pb_column][\/et_pb_row][et_pb_row _builder_version=\u00a0\u00bb4.16&Prime; _module_preset=\u00a0\u00bbdefault\u00a0\u00bb custom_padding=\u00a0\u00bb4px|||||\u00a0\u00bb global_colors_info=\u00a0\u00bb{}\u00a0\u00bb][et_pb_column type=\u00a0\u00bb4_4&Prime; _builder_version=\u00a0\u00bb4.16&Prime; _module_preset=\u00a0\u00bbdefault\u00a0\u00bb global_colors_info=\u00a0\u00bb{}\u00a0\u00bb][et_pb_text _builder_version=\u00a0\u00bb4.16&Prime; _module_preset=\u00a0\u00bbdefault\u00a0\u00bb text_font=\u00a0\u00bbAbel||||||||\u00a0\u00bb header_text_color=\u00a0\u00bbrgba(0,0,0,0.41)\u00a0\u00bb header_2_text_align=\u00a0\u00bbleft\u00a0\u00bb header_2_text_color=\u00a0\u00bbrgba(0,0,0,0.41)\u00a0\u00bb header_2_font_size=\u00a0\u00bb20px\u00a0\u00bb header_2_line_height=\u00a0\u00bb1.2em\u00a0\u00bb global_colors_info=\u00a0\u00bb{}\u00a0\u00bb]<\/p>\n<h2><i><b>Version 1.75<\/b><\/i>\n...\n<\/h2>\n<p>[\/et_pb_text][\/et_pb_column][\/et_pb_row][\/et_pb_section]<\/p>\n","protected":false},"excerpt":{"rendered":"<p><i class=\"fas fa-desktop\"><\/i>\u00a0PC bureau ou portableUtilisez ce lien si vous souhaitez t\u00e9l\u00e9charger et installer MaxiCompte sur disque dur de votre ordinateur de bureau ou portable.PersoApps Calendrier v1.75 (24453 ko) Microsoft Windows\u00ae 7\/8\/10\/11 Microsoft .NET Framework \u00ae 4.7 ou sup\u00e9rieur<i class=\"fas fa-sim-card\"><\/i> Support externe PCUtilisez ce lien si vous souhaitez installer MaxiCompte sur un support amovible (cl\u00e9 USB, Carte SD, [&hellip;]<\/p>\n","protected":false},"author":1,"featured_media":0,"parent":0,"menu_order":0,"comment_status":"closed","ping_status":"closed","template":"","meta":{"_et_pb_use_builder":"on","_et_pb_old_content":"","_et_gb_content_width":"","footnotes":""},"class_list":["post-32","page","type-page","status-publish","hentry"],"_links":{"self":[{"href":"https:\/\/www.persoapps.com\/calendrier\/wp-json\/wp\/v2\/pages\/32","targetHints":{"allow":["GET"]}}],"collection":[{"href":"https:\/\/www.persoapps.com\/calendrier\/wp-json\/wp\/v2\/pages"}],"about":[{"href":"https:\/\/www.persoapps.com\/calendrier\/wp-json\/wp\/v2\/types\/page"}],"author":[{"embeddable":true,"href":"https:\/\/www.persoapps.com\/calendrier\/wp-json\/wp\/v2\/users\/1"}],"replies":[{"embeddable":true,"href":"https:\/\/www.persoapps.com\/calendrier\/wp-json\/wp\/v2\/comments?post=32"}],"version-history":[{"count":9,"href":"https:\/\/www.persoapps.com\/calendrier\/wp-json\/wp\/v2\/pages\/32\/revisions"}],"predecessor-version":[{"id":972,"href":"https:\/\/www.persoapps.com\/calendrier\/wp-json\/wp\/v2\/pages\/32\/revisions\/972"}],"wp:attachment":[{"href":"https:\/\/www.persoapps.com\/calendrier\/wp-json\/wp\/v2\/media?parent=32"}],"curies":[{"name":"wp","href":"https:\/\/api.w.org\/{rel}","templated":true}]}}