{"id":30,"date":"2020-11-23T19:19:45","date_gmt":"2020-11-23T18:19:45","guid":{"rendered":"https:\/\/www.persoapps.com\/calendrier\/wordpress-v3\/?page_id=30"},"modified":"2020-11-28T11:59:01","modified_gmt":"2020-11-28T10:59:01","slug":"privacypolicy","status":"publish","type":"page","link":"https:\/\/www.persoapps.com\/calendrier\/privacypolicy\/","title":{"rendered":"Politique de confidentialit\u00e9"},"content":{"rendered":"<p>[et_pb_section fb_built=\u00a0\u00bb1&Prime; fullwidth=\u00a0\u00bbon\u00a0\u00bb _builder_version=\u00a0\u00bb4.7.3&Prime; _module_preset=\u00a0\u00bbdefault\u00a0\u00bb animation_style=\u00a0\u00bbslide\u00a0\u00bb animation_direction=\u00a0\u00bbtop\u00a0\u00bb animation_duration=\u00a0\u00bb500ms\u00a0\u00bb animation_speed_curve=\u00a0\u00bblinear\u00a0\u00bb][et_pb_fullwidth_code _builder_version=\u00a0\u00bb4.7.4&Prime; _module_preset=\u00a0\u00bbdefault\u00a0\u00bb hover_enabled=\u00a0\u00bb0&Prime; sticky_enabled=\u00a0\u00bb0&Prime;]<center><!-- [et_pb_line_break_holder] --><script async src=\"https:\/\/pagead2.googlesyndication.com\/pagead\/js\/adsbygoogle.js\"><\/script><!-- [et_pb_line_break_holder] --><!-- persoappscalendrier_display_horizontal_responsive --><!-- [et_pb_line_break_holder] --><ins class=\"adsbygoogle\"<!-- [et_pb_line_break_holder] -->     style=\u00a0\u00bbdisplay:block\u00a0\u00bb<!-- [et_pb_line_break_holder] -->     data-ad-client=\u00a0\u00bbca-pub-5435406921165839&Prime;<!-- [et_pb_line_break_holder] -->     data-ad-slot=\u00a0\u00bb4401536018&Prime;<!-- [et_pb_line_break_holder] -->     data-ad-format=\u00a0\u00bbauto\u00a0\u00bb<!-- [et_pb_line_break_holder] -->     data-full-width-responsive=\u00a0\u00bbtrue\u00a0\u00bb><\/ins><!-- [et_pb_line_break_holder] --><script><!-- [et_pb_line_break_holder] -->     (adsbygoogle = window.adsbygoogle || []).push({});<!-- [et_pb_line_break_holder] --><\/script><!-- [et_pb_line_break_holder] --><\/center>[\/et_pb_fullwidth_code][\/et_pb_section][et_pb_section fb_built=\u00a0\u00bb1&Prime; _builder_version=\u00a0\u00bb4.7.3&Prime; _module_preset=\u00a0\u00bbdefault\u00a0\u00bb][et_pb_row _builder_version=\u00a0\u00bb4.7.3&Prime; _module_preset=\u00a0\u00bbdefault\u00a0\u00bb][et_pb_column type=\u00a0\u00bb4_4&Prime; _builder_version=\u00a0\u00bb4.7.3&Prime; _module_preset=\u00a0\u00bbdefault\u00a0\u00bb][et_pb_text _builder_version=\u00a0\u00bb4.7.3&Prime; _module_preset=\u00a0\u00bbdefault\u00a0\u00bb custom_padding=\u00a0\u00bb||0px|||\u00a0\u00bb]<\/p>\n<p style=\"text-align: justify;\"><h1><b>Politique de confidentialit\u00e9<\/b><\/h1><br>Vous disposez d'un droit d'acc\u00e8s, de modification, de rectification et de suppression des donn\u00e9es qui vous concernent (art. 34 de la loi \"Informatique et Libert\u00e9s\" du 6 janvier 1978).<br><br>Vous pouvez, \u00e0 tout moment, demander \u00e0 exercer ce droit soit en nous contactant par mail contact@persoapps.com, soit en nous adressant un courrier \u00e0 l'adresse PersoApps Software - 1, Rue Jean Voruz - 44200 Nantes.<br><br>Conform\u00e9ment \u00e0 la loi, nous vous informons que notre fichier client a fait l'objet d'une d\u00e9claration \u00e0 la CNIL sous le n\u00b02189212.<br><br><br><h2><b>Collecte d'informations<\/b><\/h2><br>Nous recueillons des informations lorsque vous remplissez un formulaire de contact ou lors d'un achat sur le site web les informations recueillies incluent votre nom, votre adresse e-mail, num\u00e9ro de t\u00e9l\u00e9phone et adresse postale.<br><br><br><h2><b>Utilisation des informations<\/b><\/h2><br>Les donn\u00e9es d'achat nous sont transmises par notre partenaire PayPal. Les informations recueillies incluent votre nom, votre adresse e-mail, num\u00e9ro de t\u00e9l\u00e9phone et adresse postale. Ces donn\u00e9es sont uniquement destin\u00e9es au traitement comptable, \u00e0 la facturation et \u00e0 la gestion des licences d'utilisation des logiciels.<br><br>Les donn\u00e9es recueillies lors de la saisie d'un formulaire de contact sont utilis\u00e9es pour envoyer le message \u00e0 persoapps.com. Ces informations ne font pas l'objet d'un enregistrement sur nos serveurs.<br><br>D'autres informations de connexion (adresse IP, le type de navigateur, le fournisseur de services Internet (ISP), date \/ heure d'impression, pages de renvoi \/ de sortie, et le nombre de clics) sont recueillies par nos partenaires OVH ou Google. <br><br><br><h2><b>Dur\u00e9e de conservation des informations<\/b><\/h2><br>Les donn\u00e9es d'achat sont conserv\u00e9es toute la dur\u00e9e de d\u00e9tention de la licence d'utilisation du logiciel. Elles sont \u00e9galement conserv\u00e9es par obligation comptable. L'article L123-22 du code de commerce impose de conserver pour une dur\u00e9e de 10 ans les informations de facturation.<br><br>Les donn\u00e9es recueillies lors d'un contact sont conserv\u00e9es afin de vous envoyer de nouvelles informations sur les produits concern\u00e9s par la demande. Si vous souhaitez vous d'sinscrire et ne plus recevoir d'e-mails, contactez-nous \u00e0 contact@persoapps.com.<br><br>Les informations de connexion (adresse IP, le type de navigateur, le fournisseur de services Internet (ISP), date \/ heure d'impression, pages de renvoi \/ de sortie, et le nombre de clics) sont conserv\u00e9es pour une dur\u00e9e de 12 mois.<br><br><br><h2><b>Confidentialit\u00e9<\/b><\/h2><br>Nous sommes les seuls propri\u00e9taires des informations recueillies sur ce site. Vos informations personnelles ne seront pas vendues, \u00e9chang\u00e9es, transf\u00e9r\u00e9es, ou donn\u00e9es \u00e0 une autre soci\u00e9t\u00e9 pour n'importe quelle raison.<br><br>Nous ne vendons, n'\u00e9changeons et ne transf\u00e9rons pas vos informations personnelles \u00e0 des tiers.<br><br><br><h2><b>Paiement en ligne<\/b><\/h2><br>Nous vous offrons la possibilit\u00e9 d'effectuer l'achat de nos logiciels en ligne par carte bancaire en toute s\u00e9curit\u00e9 gr\u00e2ce notre partenaire PayPal. Nous ne recueillons aucune donn\u00e9e concernant proc\u00e9dure de paiement par carte bancaire.<br><br><br><h2><b>Protection des informations<\/b><\/h2><br>Le paiement en ligne est assur\u00e9 par notre partenaire PayPal. Celui-ci garantit le niveau de s\u00e9curit\u00e9 le plus \u00e9lev\u00e9. <br><br><br><h2><b>Cookies<\/b><\/h2><br>La navigation sur ce site est susceptible de provoquer l'installation de cookie(s) sur votre ordinateur. En poursuivant votre navigation sur ce site, vous acceptez l'utilisation des cookies afin d'assurer le bon d\u00e9roulement de votre visite, de personnaliser les annonces publicitaires et de r\u00e9aliser des statistiques d'audience via Google Analytics. Vous pouvez d\u00e9sactiver l'utilisation de cookies en s\u00e9lectionnant les param\u00e8tres appropri\u00e9s de votre navigateur. Cependant, une telle d\u00e9sactivation pourrait emp\u00e9cher l'utilisation de certaines fonctionnalit\u00e9s de ce site. <br><br><br><h2><b>Fichiers journaux (LOG)<\/b><\/h2><br>Ce site utilise des fichiers journaux pour effectuer de l'analyse des tendances, administrer le site, et comprendre comment les visiteurs interagissent avec le site. Des renseignements collect\u00e9s sur les visiteurs sont le protocole Internet (adresse IP), le type de navigateur, le fournisseur de services Internet (ISP), date \/ heure d'impression, pages de renvoi \/ de sortie, et le nombre de clics. Les donn\u00e9es sont recueillies de fa\u00e7on anonyme, sans identifier les utilisateurs individuels, et aucune de ces donn\u00e9es n'est li\u00e9e \u00e0 toutes les informations qui sont personnellement identifiables. <br><br><br><h2><b>Publicit\u00e9s<\/b><\/h2><br>Ce site utilise Google Adsense, un service Google Inc. Google Adsense utilise des cookies, pour aider le site internet \u00e0 analyser l'utilisation du site par ses utilisateurs. Les donn\u00e9es g\u00e9n\u00e9r\u00e9es par les cookies concernant votre utilisation du site (y compris votre adresse IP) seront transmises et stock\u00e9es par Google sur des serveurs situ\u00e9s aux \u00e9tats-Unis. Google utilisera cette information dans le but d'\u00e9valuer votre utilisation du site, de compiler des rapports sur l'activit\u00e9 du site \u00e0 destination de son \u00e9diteur et de fournir d'autres services relatifs \u00e0 l'activit\u00e9 du site et \u00e0 l'utilisation d'Internet. Google est susceptible de communiquer ces donn\u00e9es \u00e0 des tiers en cas d'obligation l\u00e9gale ou lorsque ces tiers traitent ces donn\u00e9es pour le compte de Google, y compris notamment l'\u00e9diteur de ce site. Google ne recoupera pas votre adresse IP avec toute autre donn\u00e9e d\u00e9tenue par Google. En consultant ce site internet, vous consentez au traitement de vos donn\u00e9es nominatives par Google dans les conditions et pour les finalit\u00e9s d\u00e9crites ci-dessus. <br><br><br><h2><b>Se d\u00e9sabonner<\/b><\/h2><br>Nous utilisons l'adresse e-mail que vous fournissez pour vous envoyer des informations et mises \u00e0 jour sur les produits que vous utilisez. Si vous souhaitez vous d\u00e9sinscrire et ne plus recevoir d'e-mails, contactez-nous \u00e0 contact@persoapps.com. <br><br><br><h2><b>Consentement<\/b><\/h2><br>En utilisant notre site, vous consentez \u00e0 notre politique de confidentialit\u00e9. <br><br><br><\/p>\n<p>[\/et_pb_text][\/et_pb_column][\/et_pb_row][\/et_pb_section]<\/p>\n","protected":false},"excerpt":{"rendered":"<p><h1><b>Politique de confidentialit\u00e9<\/b><\/h1><br>Vous disposez d'un droit d'acc\u00e8s, de modification, de rectification et de suppression des donn\u00e9es qui vous concernent (art. 34 de la loi \"Informatique et Libert\u00e9s\" du 6 janvier 1978).<br><br>Vous pouvez, \u00e0 tout moment, demander \u00e0 exercer ce droit soit en nous contactant par mail contact@persoapps.com, soit en nous adressant un courrier \u00e0 l'adresse PersoApps Software - 1, Rue Jean Voruz - 44200 Nantes.<br><br>Conform\u00e9ment \u00e0 la loi, nous vous informons que notre fichier client a fait l'objet d'une d\u00e9claration \u00e0 la CNIL sous le n\u00b02189212.<br><br><br><h2><b>Collecte d'informations<\/b><\/h2><br>Nous recueillons des informations lorsque vous remplissez un formulaire de contact ou lors d'un achat sur le site web les informations recueillies incluent votre nom, votre adresse e-mail, num\u00e9ro de t\u00e9l\u00e9phone et adresse postale.<br><br><br><h2><b>Utilisation des informations<\/b><\/h2><br>Les donn\u00e9es d'achat nous sont transmises par notre partenaire PayPal. Les informations recueillies incluent votre nom, votre adresse e-mail, num\u00e9ro de t\u00e9l\u00e9phone et adresse postale. Ces donn\u00e9es sont uniquement destin\u00e9es au traitement comptable, \u00e0 la facturation et \u00e0 la gestion des licences d'utilisation des logiciels.<br><br>Les donn\u00e9es recueillies lors de la saisie d'un formulaire de contact sont utilis\u00e9es pour envoyer le message \u00e0 persoapps.com. Ces informations ne font pas l'objet d'un enregistrement sur nos serveurs.<br><br>D'autres informations de connexion (adresse IP, le type de navigateur, le fournisseur de services Internet (ISP), date \/ heure d'impression, pages de renvoi \/ de sortie, et le nombre de clics) sont recueillies par nos partenaires OVH ou Google. <br><br><br><h2><b>Dur\u00e9e de conservation des informations<\/b><\/h2><br>Les donn\u00e9es d'achat sont conserv\u00e9es toute la dur\u00e9e de d\u00e9tention de la licence d'utilisation du logiciel. Elles sont \u00e9galement conserv\u00e9es par obligation comptable. L'article L123-22 du code de commerce impose de conserver pour une dur\u00e9e de 10 ans les informations de facturation.<br><br>Les donn\u00e9es recueillies lors d'un contact sont conserv\u00e9es afin de vous envoyer de nouvelles informations sur les produits concern\u00e9s par la demande. Si vous souhaitez vous d'sinscrire et ne plus recevoir d'e-mails, contactez-nous \u00e0 contact@persoapps.com.<br><br>Les informations de connexion (adresse IP, le type de navigateur, le fournisseur de services Internet (ISP), date \/ heure d'impression, pages de renvoi \/ de sortie, et le nombre de clics) sont conserv\u00e9es pour une dur\u00e9e de 12 mois.<br><br><br><h2><b>Confidentialit\u00e9<\/b><\/h2><br>Nous sommes les seuls propri\u00e9taires des informations recueillies sur ce site. Vos informations personnelles ne seront pas vendues, \u00e9chang\u00e9es, transf\u00e9r\u00e9es, ou donn\u00e9es \u00e0 une autre soci\u00e9t\u00e9 pour n'importe quelle raison.<br><br>Nous ne vendons, n'\u00e9changeons et ne transf\u00e9rons pas vos informations personnelles \u00e0 des tiers.<br><br><br><h2><b>Paiement en ligne<\/b><\/h2><br>Nous vous offrons la possibilit\u00e9 d'effectuer l'achat de nos logiciels en ligne par carte bancaire en toute s\u00e9curit\u00e9 gr\u00e2ce notre partenaire PayPal. Nous ne recueillons aucune donn\u00e9e concernant proc\u00e9dure de paiement par carte bancaire.<br><br><br><h2><b>Protection des informations<\/b><\/h2><br>Le paiement en ligne est assur\u00e9 par notre partenaire PayPal. Celui-ci garantit le niveau de s\u00e9curit\u00e9 le plus \u00e9lev\u00e9. <br><br><br><h2><b>Cookies<\/b><\/h2><br>La navigation sur ce site est susceptible de provoquer l'installation de cookie(s) sur votre ordinateur. En poursuivant votre navigation sur ce site, vous acceptez l'utilisation des cookies afin d'assurer le bon d\u00e9roulement de votre visite, de personnaliser les annonces publicitaires et de r\u00e9aliser des statistiques d'audience via Google Analytics. Vous pouvez d\u00e9sactiver l'utilisation de cookies en s\u00e9lectionnant les param\u00e8tres appropri\u00e9s de votre navigateur. Cependant, une telle d\u00e9sactivation pourrait emp\u00e9cher l'utilisation de certaines fonctionnalit\u00e9s de ce site. <br><br><br><h2><b>Fichiers journaux (LOG)<\/b><\/h2><br>Ce site utilise des fichiers journaux pour effectuer de l'analyse des tendances, administrer le site, et comprendre comment les visiteurs interagissent avec le site. Des renseignements collect\u00e9s sur les visiteurs sont le protocole Internet (adresse IP), le type de navigateur, le fournisseur de services Internet (ISP), date \/ heure d'impression, pages de renvoi \/ de sortie, et le nombre de clics. Les donn\u00e9es sont recueillies de fa\u00e7on anonyme, sans identifier les utilisateurs individuels, et aucune de ces donn\u00e9es n'est li\u00e9e \u00e0 toutes les informations qui sont personnellement identifiables. <br><br><br><h2><b>Publicit\u00e9s<\/b><\/h2><br>Ce site utilise Google Adsense, un service Google Inc. Google Adsense utilise des cookies, pour aider le site internet \u00e0 analyser l'utilisation du site par ses utilisateurs. Les donn\u00e9es g\u00e9n\u00e9r\u00e9es par les cookies concernant votre utilisation du site (y compris votre adresse IP) seront transmises et stock\u00e9es par Google sur des serveurs situ\u00e9s aux \u00e9tats-Unis. Google utilisera cette information dans le but d'\u00e9valuer votre utilisation du site, de compiler des rapports sur l'activit\u00e9 du site \u00e0 destination de son \u00e9diteur et de fournir d'autres services relatifs \u00e0 l'activit\u00e9 du site et \u00e0 l'utilisation d'Internet. Google est susceptible de communiquer ces donn\u00e9es \u00e0 des tiers en cas d'obligation l\u00e9gale ou lorsque ces tiers traitent ces donn\u00e9es pour le compte de Google, y compris notamment l'\u00e9diteur de ce site. Google ne recoupera pas votre adresse IP avec toute autre donn\u00e9e d\u00e9tenue par Google. En consultant ce site internet, vous consentez au traitement de vos donn\u00e9es nominatives par Google dans les conditions et pour les finalit\u00e9s d\u00e9crites ci-dessus. <br><br><br><h2><b>Se d\u00e9sabonner<\/b><\/h2><br>Nous utilisons l'adresse e-mail que vous fournissez pour vous envoyer des informations et mises \u00e0 jour sur les produits que vous utilisez. Si vous souhaitez vous d\u00e9sinscrire et ne plus recevoir d'e-mails, contactez-nous \u00e0 contact@persoapps.com. <br><br><br><h2><b>Consentement<\/b><\/h2><br>En utilisant notre site, vous consentez \u00e0 notre politique de confidentialit\u00e9. <br><br><br><\/p>\n","protected":false},"author":1,"featured_media":0,"parent":0,"menu_order":0,"comment_status":"closed","ping_status":"closed","template":"","meta":{"_et_pb_use_builder":"on","_et_pb_old_content":"","_et_gb_content_width":"","footnotes":""},"class_list":["post-30","page","type-page","status-publish","hentry"],"_links":{"self":[{"href":"https:\/\/www.persoapps.com\/calendrier\/wp-json\/wp\/v2\/pages\/30","targetHints":{"allow":["GET"]}}],"collection":[{"href":"https:\/\/www.persoapps.com\/calendrier\/wp-json\/wp\/v2\/pages"}],"about":[{"href":"https:\/\/www.persoapps.com\/calendrier\/wp-json\/wp\/v2\/types\/page"}],"author":[{"embeddable":true,"href":"https:\/\/www.persoapps.com\/calendrier\/wp-json\/wp\/v2\/users\/1"}],"replies":[{"embeddable":true,"href":"https:\/\/www.persoapps.com\/calendrier\/wp-json\/wp\/v2\/comments?post=30"}],"version-history":[{"count":3,"href":"https:\/\/www.persoapps.com\/calendrier\/wp-json\/wp\/v2\/pages\/30\/revisions"}],"predecessor-version":[{"id":92,"href":"https:\/\/www.persoapps.com\/calendrier\/wp-json\/wp\/v2\/pages\/30\/revisions\/92"}],"wp:attachment":[{"href":"https:\/\/www.persoapps.com\/calendrier\/wp-json\/wp\/v2\/media?parent=30"}],"curies":[{"name":"wp","href":"https:\/\/api.w.org\/{rel}","templated":true}]}}