{"id":26,"date":"2020-11-23T19:17:35","date_gmt":"2020-11-23T18:17:35","guid":{"rendered":"https:\/\/www.persoapps.com\/calendrier\/wordpress-v3\/?page_id=26"},"modified":"2020-11-28T11:57:48","modified_gmt":"2020-11-28T10:57:48","slug":"informations","status":"publish","type":"page","link":"https:\/\/www.persoapps.com\/calendrier\/informations\/","title":{"rendered":"Mentions l\u00e9gales"},"content":{"rendered":"<p>[et_pb_section fb_built=\u00a0\u00bb1&Prime; fullwidth=\u00a0\u00bbon\u00a0\u00bb _builder_version=\u00a0\u00bb4.7.3&Prime; _module_preset=\u00a0\u00bbdefault\u00a0\u00bb animation_style=\u00a0\u00bbslide\u00a0\u00bb animation_direction=\u00a0\u00bbtop\u00a0\u00bb animation_duration=\u00a0\u00bb500ms\u00a0\u00bb animation_speed_curve=\u00a0\u00bblinear\u00a0\u00bb][et_pb_fullwidth_code _builder_version=\u00a0\u00bb4.7.4&Prime; _module_preset=\u00a0\u00bbdefault\u00a0\u00bb hover_enabled=\u00a0\u00bb0&Prime; sticky_enabled=\u00a0\u00bb0&Prime;]<center><!-- [et_pb_line_break_holder] --><script async src=\"https:\/\/pagead2.googlesyndication.com\/pagead\/js\/adsbygoogle.js\"><\/script><!-- [et_pb_line_break_holder] --><!-- persoappscalendrier_display_horizontal_responsive --><!-- [et_pb_line_break_holder] --><ins class=\"adsbygoogle\"<!-- [et_pb_line_break_holder] -->     style=\u00a0\u00bbdisplay:block\u00a0\u00bb<!-- [et_pb_line_break_holder] -->     data-ad-client=\u00a0\u00bbca-pub-5435406921165839&Prime;<!-- [et_pb_line_break_holder] -->     data-ad-slot=\u00a0\u00bb4401536018&Prime;<!-- [et_pb_line_break_holder] -->     data-ad-format=\u00a0\u00bbauto\u00a0\u00bb<!-- [et_pb_line_break_holder] -->     data-full-width-responsive=\u00a0\u00bbtrue\u00a0\u00bb><\/ins><!-- [et_pb_line_break_holder] --><script><!-- [et_pb_line_break_holder] -->     (adsbygoogle = window.adsbygoogle || []).push({});<!-- [et_pb_line_break_holder] --><\/script><!-- [et_pb_line_break_holder] --><\/center>[\/et_pb_fullwidth_code][\/et_pb_section][et_pb_section fb_built=\u00a0\u00bb1&Prime; _builder_version=\u00a0\u00bb4.7.3&Prime; _module_preset=\u00a0\u00bbdefault\u00a0\u00bb][et_pb_row _builder_version=\u00a0\u00bb4.7.3&Prime; _module_preset=\u00a0\u00bbdefault\u00a0\u00bb][et_pb_column type=\u00a0\u00bb4_4&Prime; _builder_version=\u00a0\u00bb4.7.3&Prime; _module_preset=\u00a0\u00bbdefault\u00a0\u00bb][et_pb_text _builder_version=\u00a0\u00bb4.7.3&Prime; _module_preset=\u00a0\u00bbdefault\u00a0\u00bb]<\/p>\n<p style=\"text-align: justify;\"><h1>Mentions l\u00e9gales<\/h1><br>L'ensemble des logiciels propos\u00e9s sur ce site web sont \u00e9dit\u00e9s par une entreprise individuelle immatricul\u00e9e au registre du commerce et des soci\u00e9t\u00e9s de NANTES : <br><br>PersoApps Software<br>1, Rue Jean Voruz<br>44200 Nantes<br>RCS Nantes 352 431 639 00058 - CODE NAF : 5829C<br>Directeur de la publication Gu\u00e9rin F.<br><br><br><h2><b>H\u00e9bergement<\/b><\/h2><br>OVH, 2 rue Kellermann - 59100 Roubaix - France, SAS au capital de 10 069 020 \u20ac<br>RCS Lille M\u00e9tropole 424 761 419 00045<br><br><br><h2><b>Protection des donn\u00e9es personnelles<\/b><\/h2><br>Vous disposez d'un droit d'acc\u00e8s, de modification, de rectification et de suppression des donn\u00e9es qui vous concernent (art. 34 de la loi \"Informatique et Libert\u00e9s\" du 6 janvier 1978). Vous pouvez, \u00e0 tout moment , demander \u00e0 exercer ce droit soit en nous contactant par mail contact@persoapps.com, soit en nous adressant un courrier \u00e0 l'adresse PersoApps Software - 1, Rue Jean Voruz - 44200 Nantes.<br><br>Conform\u00e9ment \u00e0 la loi, nous vous informons que notre fichier client a fait l'objet d'une d\u00e9claration \u00e0 la CNIL sous le n\u00b02189212.<br><br><a class=\"l1\" href=\"privacypolicy\">Politique de confidentialit\u00e9<\/a><br><br><br><h2><b>Cookies<\/b><\/h2><br>La navigation sur ce site est susceptible de provoquer l'installation de cookie(s) sur votre ordinateur. En poursuivant votre navigation sur ce site, vous acceptez l'utilisation des cookies afin d'assurer le bon d\u00e9roulement de votre visite, de personnaliser les annonces publicitaires et de r\u00e9aliser des statistiques d'audience via Google Analytics.<br><br><br><h2><b>Copyright et Propri\u00e9t\u00e9 intellectuelle<\/b><\/h2><br>L'ensemble des \u00e9l\u00e9ments figurant sur notre site sont prot\u00e9g\u00e9s par les dispositions du Code de la Propri\u00e9t\u00e9 Intellectuelle. En cons\u00e9quence, toute reproduction de ceux-ci, totale ou partielle, ou imitation, sans notre accord expr\u00e8s, pr\u00e9alable et \u00e9crit, est interdite.<br><br>Il est formellement interdit de collecter et d'utiliser les informations disponibles sur le site \u00e0 des fins commerciales.<br><br>Cette interdiction s'\u00e9tend notamment, sans que cette liste ne soit limitative, \u00e0 tout \u00e9l\u00e9ment r\u00e9dactionnel figurant sur le site, \u00e0 la pr\u00e9sentation des \u00e9crans, aux logiciels n\u00e9cessaires \u00e0 l'exploitation, aux logos, images, photos, graphiques, de quelque nature qu'ils soient.<br><br><br><\/p>\n<p>[\/et_pb_text][\/et_pb_column][\/et_pb_row][\/et_pb_section]<\/p>\n","protected":false},"excerpt":{"rendered":"<p><h1>Mentions l\u00e9gales<\/h1><br>L'ensemble des logiciels propos\u00e9s sur ce site web sont \u00e9dit\u00e9s par une entreprise individuelle immatricul\u00e9e au registre du commerce et des soci\u00e9t\u00e9s de NANTES : <br><br>PersoApps Software<br>1, Rue Jean Voruz<br>44200 Nantes<br>RCS Nantes 352 431 639 00058 - CODE NAF : 5829C<br>Directeur de la publication Gu\u00e9rin F.<br><br><br><h2><b>H\u00e9bergement<\/b><\/h2><br>OVH, 2 rue Kellermann - 59100 Roubaix - France, SAS au capital de 10 069 020 \u20ac<br>RCS Lille M\u00e9tropole 424 761 419 00045<br><br><br><h2><b>Protection des donn\u00e9es personnelles<\/b><\/h2><br>Vous disposez d'un droit d'acc\u00e8s, de modification, de rectification et de suppression des donn\u00e9es qui vous concernent (art. 34 de la loi \"Informatique et Libert\u00e9s\" du 6 janvier 1978). Vous pouvez, \u00e0 tout moment , demander \u00e0 exercer ce droit soit en nous contactant par mail contact@persoapps.com, soit en nous adressant un courrier \u00e0 l'adresse PersoApps Software - 1, Rue Jean Voruz - 44200 Nantes.<br><br>Conform\u00e9ment \u00e0 la loi, nous vous informons que notre fichier client a fait l'objet d'une d\u00e9claration \u00e0 la CNIL sous le n\u00b02189212.<br><br><a class=\"l1\" href=\"privacypolicy\">Politique de confidentialit\u00e9<\/a><br><br><br><h2><b>Cookies<\/b><\/h2><br>La navigation sur ce site est susceptible de provoquer l'installation de cookie(s) sur votre ordinateur. En poursuivant votre navigation sur ce site, vous acceptez l'utilisation des cookies afin d'assurer le bon d\u00e9roulement de votre visite, de personnaliser les annonces publicitaires et de r\u00e9aliser des statistiques d'audience via Google Analytics.<br><br><br><h2><b>Copyright et Propri\u00e9t\u00e9 intellectuelle<\/b><\/h2><br>L'ensemble des \u00e9l\u00e9ments figurant sur notre site sont prot\u00e9g\u00e9s par les dispositions du Code de la Propri\u00e9t\u00e9 Intellectuelle. En cons\u00e9quence, toute reproduction de ceux-ci, totale ou partielle, ou imitation, sans notre accord expr\u00e8s, pr\u00e9alable et \u00e9crit, est interdite.<br><br>Il est formellement interdit de collecter et d'utiliser les informations disponibles sur le site \u00e0 des fins commerciales.<br><br>Cette interdiction s'\u00e9tend notamment, sans que cette liste ne soit limitative, \u00e0 tout \u00e9l\u00e9ment r\u00e9dactionnel figurant sur le site, \u00e0 la pr\u00e9sentation des \u00e9crans, aux logiciels n\u00e9cessaires \u00e0 l'exploitation, aux logos, images, photos, graphiques, de quelque nature qu'ils soient.<br><br><br><\/p>\n","protected":false},"author":1,"featured_media":0,"parent":0,"menu_order":0,"comment_status":"closed","ping_status":"closed","template":"","meta":{"_et_pb_use_builder":"on","_et_pb_old_content":"","_et_gb_content_width":"","footnotes":""},"class_list":["post-26","page","type-page","status-publish","hentry"],"_links":{"self":[{"href":"https:\/\/www.persoapps.com\/calendrier\/wp-json\/wp\/v2\/pages\/26","targetHints":{"allow":["GET"]}}],"collection":[{"href":"https:\/\/www.persoapps.com\/calendrier\/wp-json\/wp\/v2\/pages"}],"about":[{"href":"https:\/\/www.persoapps.com\/calendrier\/wp-json\/wp\/v2\/types\/page"}],"author":[{"embeddable":true,"href":"https:\/\/www.persoapps.com\/calendrier\/wp-json\/wp\/v2\/users\/1"}],"replies":[{"embeddable":true,"href":"https:\/\/www.persoapps.com\/calendrier\/wp-json\/wp\/v2\/comments?post=26"}],"version-history":[{"count":3,"href":"https:\/\/www.persoapps.com\/calendrier\/wp-json\/wp\/v2\/pages\/26\/revisions"}],"predecessor-version":[{"id":90,"href":"https:\/\/www.persoapps.com\/calendrier\/wp-json\/wp\/v2\/pages\/26\/revisions\/90"}],"wp:attachment":[{"href":"https:\/\/www.persoapps.com\/calendrier\/wp-json\/wp\/v2\/media?parent=26"}],"curies":[{"name":"wp","href":"https:\/\/api.w.org\/{rel}","templated":true}]}}